{"id":286,"date":"2021-08-05T11:19:52","date_gmt":"2021-08-05T11:19:52","guid":{"rendered":"https:\/\/beijer.hemsida.eu\/1\/?page_id=286"},"modified":"2021-08-18T09:05:37","modified_gmt":"2021-08-18T09:05:37","slug":"hem","status":"publish","type":"page","link":"https:\/\/beijer.hemsida.eu\/1\/","title":{"rendered":"Hem"},"content":{"rendered":"<p>[et_pb_section fb_built=&#8221;1&#8243; admin_label=&#8221;section&#8221; _builder_version=&#8221;4.9.10&#8243; use_background_color_gradient=&#8221;on&#8221; background_color_gradient_start=&#8221;rgba(0,0,0,0.13)&#8221; background_color_gradient_end=&#8221;rgba(0,0,0,0.6)&#8221; background_color_gradient_overlays_image=&#8221;on&#8221; background_image=&#8221;https:\/\/beijer.hemsida.eu\/1\/wp-content\/uploads\/2021\/08\/cetteup-IC5sX-7PRN8-unsplash@2x-1-scaled.jpeg&#8221; min_height=&#8221;540px&#8221; min_height_tablet=&#8221;&#8221; min_height_phone=&#8221;&#8221; min_height_last_edited=&#8221;on|phone&#8221; custom_css_main_element=&#8221;display: flex;||flex-direction: column;||justify-content: center;||align-items: center;&#8221; global_colors_info=&#8221;{}&#8221;][et_pb_row _builder_version=&#8221;4.9.4&#8243; _module_preset=&#8221;default&#8221; custom_margin=&#8221;||0px||false|false&#8221; custom_padding=&#8221;||0px||false|false&#8221; global_colors_info=&#8221;{}&#8221;][et_pb_column type=&#8221;4_4&#8243; _builder_version=&#8221;4.9.4&#8243; _module_preset=&#8221;default&#8221; global_colors_info=&#8221;{}&#8221;][et_pb_text _builder_version=&#8221;4.9.10&#8243; _module_preset=&#8221;default&#8221; header_text_color=&#8221;#FFFFFF&#8221; header_font_size=&#8221;44px&#8221; custom_margin=&#8221;||10px||false|false&#8221; custom_padding=&#8221;||||false|false&#8221; header_font_size_tablet=&#8221;34px&#8221; header_font_size_phone=&#8221;&#8221; header_font_size_last_edited=&#8221;on|phone&#8221; global_colors_info=&#8221;{}&#8221;]<\/p>\n<h1>V\u00e4lkommen till Kalles Bygg<\/h1>\n<p>[\/et_pb_text][et_pb_text _builder_version=&#8221;4.9.10&#8243; _module_preset=&#8221;default&#8221; text_text_color=&#8221;#FFFFFF&#8221; text_font_size=&#8221;20px&#8221; text_line_height=&#8221;1.6em&#8221; global_colors_info=&#8221;{}&#8221;]<\/p>\n<p>Att bygga och renovera ska vara enkelt. Kontakta oss s\u00e5 hj\u00e4lper vi dig.<\/p>\n<p>[\/et_pb_text][\/et_pb_column][\/et_pb_row][et_pb_row _builder_version=&#8221;4.9.10&#8243; _module_preset=&#8221;default&#8221; custom_margin=&#8221;0px||||false|false&#8221; custom_padding=&#8221;40px||||false|false&#8221; global_colors_info=&#8221;{}&#8221;][et_pb_column type=&#8221;4_4&#8243; _builder_version=&#8221;4.9.10&#8243; _module_preset=&#8221;default&#8221; custom_css_main_element=&#8221;display: flex;&#8221; global_colors_info=&#8221;{}&#8221; custom_css_main_element_last_edited=&#8221;on|phone&#8221; custom_css_main_element_phone=&#8221;display: block;&#8221;][et_pb_button button_text=&#8221;Kontakta oss&#8221; _builder_version=&#8221;4.9.4&#8243; _module_preset=&#8221;54fe88e2-189d-46fc-abaf-cd6613c568ba&#8221; global_colors_info=&#8221;{}&#8221;][\/et_pb_button][et_pb_button button_text=&#8221;V\u00e5ra tj\u00e4nster&#8221; _builder_version=&#8221;4.9.4&#8243; _module_preset=&#8221;38a71348-5409-4385-bcf6-fb96841f0cd7&#8243; global_colors_info=&#8221;{}&#8221; button_bg_color__hover=&#8221;#719086&#8243; button_border_color__hover=&#8221;#719086&#8243;][\/et_pb_button][\/et_pb_column][\/et_pb_row][\/et_pb_section][et_pb_section fb_built=&#8221;1&#8243; _builder_version=&#8221;4.9.10&#8243; _module_preset=&#8221;default&#8221; background_color=&#8221;#f6f6f6&#8243; custom_padding=&#8221;40px||40px||false|false&#8221; global_colors_info=&#8221;{}&#8221;][et_pb_row _builder_version=&#8221;4.9.4&#8243; _module_preset=&#8221;default&#8221; global_colors_info=&#8221;{}&#8221;][et_pb_column type=&#8221;4_4&#8243; _builder_version=&#8221;4.9.4&#8243; _module_preset=&#8221;default&#8221; global_colors_info=&#8221;{}&#8221;][et_pb_text _builder_version=&#8221;4.9.10&#8243; _module_preset=&#8221;default&#8221; text_text_color=&#8221;#444444&#8243; text_line_height=&#8221;1.6em&#8221; header_2_text_color=&#8221;#444444&#8243; header_2_font_size=&#8221;34px&#8221; max_width=&#8221;860px&#8221; header_2_font_size_tablet=&#8221;28px&#8221; header_2_font_size_phone=&#8221;&#8221; header_2_font_size_last_edited=&#8221;on|tablet&#8221; global_colors_info=&#8221;{}&#8221;]<\/p>\n<blockquote>\n<h2>Ska du bygga och renovera?<\/h2>\n<p>Vi utf\u00f6r nyproduktion och renoveringsuppdrag.<br \/>Vi bygger efter era \u00f6nskem\u00e5l \u2013 fr\u00e5n start till m\u00e5l.<\/p>\n<\/blockquote>\n<p>[\/et_pb_text][\/et_pb_column][\/et_pb_row][\/et_pb_section][et_pb_section fb_built=&#8221;1&#8243; _builder_version=&#8221;4.9.4&#8243; _module_preset=&#8221;default&#8221; custom_padding=&#8221;0px||0px||false|false&#8221; global_colors_info=&#8221;{}&#8221;][et_pb_row column_structure=&#8221;1_2,1_2&#8243; use_custom_gutter=&#8221;on&#8221; gutter_width=&#8221;1&#8243; make_equal=&#8221;on&#8221; _builder_version=&#8221;4.9.11&#8243; _module_preset=&#8221;default&#8221; width=&#8221;100%&#8221; max_width=&#8221;100%&#8221; custom_padding=&#8221;0px||0px||false|false&#8221; hover_enabled=&#8221;0&#8243; global_colors_info=&#8221;{}&#8221; custom_css_main_element_last_edited=&#8221;on|tablet&#8221; custom_css_main_element_tablet=&#8221;display: flex;||flex-direction: column-reverse;&#8221; sticky_enabled=&#8221;0&#8243;][et_pb_column type=&#8221;1_2&#8243; _builder_version=&#8221;4.9.10&#8243; _module_preset=&#8221;default&#8221; custom_padding=&#8221;5vw|5vw|5vw|5vw|false|false&#8221; custom_padding_tablet=&#8221;10vw|10vw|10vw|10vw|false|false&#8221; custom_padding_phone=&#8221;&#8221; custom_padding_last_edited=&#8221;on|phone&#8221; custom_css_main_element=&#8221;display: flex;||align-items: center;&#8221; global_colors_info=&#8221;{}&#8221;][et_pb_text _builder_version=&#8221;4.9.11&#8243; _module_preset=&#8221;default&#8221; text_text_color=&#8221;#444444&#8243; text_line_height=&#8221;1.6em&#8221; max_width=&#8221;540px&#8221; module_alignment=&#8221;center&#8221; custom_margin=&#8221;||||false|false&#8221; module_alignment_tablet=&#8221;left&#8221; module_alignment_phone=&#8221;&#8221; module_alignment_last_edited=&#8221;on|tablet&#8221; global_colors_info=&#8221;{}&#8221;]<\/p>\n<blockquote>\n<p>H\u00f6r g\u00e4rna av dig till oss om du har fr\u00e5gor om vad vi kan hj\u00e4lpa dig med. Du n\u00e5r oss enklast genom v\u00e5rt kontaktformul\u00e4r eller genom att maila till mailadress@kallesbygg.se<\/p>\n<\/blockquote>\n<p>[\/et_pb_text][\/et_pb_column][et_pb_column type=&#8221;1_2&#8243; _builder_version=&#8221;4.9.11&#8243; _module_preset=&#8221;default&#8221; background_image=&#8221;https:\/\/beijer.hemsida.eu\/1\/wp-content\/uploads\/2021\/08\/thepowercouple-FAhAg0aT6ro-unsplash@2x-1.jpeg&#8221; hover_enabled=&#8221;0&#8243; custom_css_main_element=&#8221;display: block!important;||min-height: 400px!important;&#8221; global_colors_info=&#8221;{}&#8221; title_text=&#8221;thepowercouple-FAhAg0aT6ro-unsplash@2x (1)&#8221; sticky_enabled=&#8221;0&#8243;][\/et_pb_column][\/et_pb_row][\/et_pb_section][et_pb_section fb_built=&#8221;1&#8243; _builder_version=&#8221;4.9.4&#8243; _module_preset=&#8221;default&#8221; background_color=&#8221;#f6f6f6&#8243; global_colors_info=&#8221;{}&#8221;][et_pb_row _builder_version=&#8221;4.9.4&#8243; _module_preset=&#8221;default&#8221; custom_padding=&#8221;0px||0px||false|false&#8221; global_colors_info=&#8221;{}&#8221;][et_pb_column type=&#8221;4_4&#8243; _builder_version=&#8221;4.9.4&#8243; _module_preset=&#8221;default&#8221; global_colors_info=&#8221;{}&#8221;][et_pb_text _builder_version=&#8221;4.9.10&#8243; _module_preset=&#8221;default&#8221; text_text_color=&#8221;#000000&#8243; header_2_text_color=&#8221;#444444&#8243; header_2_font_size=&#8221;34px&#8221; custom_margin=&#8221;||20px||false|false&#8221; custom_padding=&#8221;||||false|false&#8221; header_2_font_size_tablet=&#8221;28px&#8221; header_2_font_size_phone=&#8221;&#8221; header_2_font_size_last_edited=&#8221;on|tablet&#8221; global_colors_info=&#8221;{}&#8221;]<\/p>\n<h2>Vad s\u00e4ger v\u00e5ra kunder?<\/h2>\n<p>[\/et_pb_text][\/et_pb_column][\/et_pb_row][et_pb_row column_structure=&#8221;1_2,1_2&#8243; _builder_version=&#8221;4.9.4&#8243; _module_preset=&#8221;default&#8221; custom_padding=&#8221;0px||0px||false|false&#8221; global_colors_info=&#8221;{}&#8221;][et_pb_column type=&#8221;1_2&#8243; _builder_version=&#8221;4.9.4&#8243; _module_preset=&#8221;default&#8221; global_colors_info=&#8221;{}&#8221;][et_pb_text _builder_version=&#8221;4.9.10&#8243; _module_preset=&#8221;default&#8221; text_text_color=&#8221;#444444&#8243; text_line_height=&#8221;1.6em&#8221; custom_padding=&#8221;||0px|||&#8221; global_colors_info=&#8221;{}&#8221;]<\/p>\n<blockquote>\n<p>\u201cKan varmt rekommendera Kalles Bygg, som hj\u00e4lpt mig med en m\u00e4ngd saker p\u00e5 mitt hus. Ett noggrannt och snabbt arbete av duktiga snickare.\u201d<\/p>\n<p>&nbsp;<\/p>\n<p><strong>Kund Kundsson, VD<br \/><\/strong>F\u00f6retagnamnet<strong><br \/><\/strong><\/p>\n<\/blockquote>\n<p>[\/et_pb_text][\/et_pb_column][et_pb_column type=&#8221;1_2&#8243; _builder_version=&#8221;4.9.4&#8243; _module_preset=&#8221;default&#8221; global_colors_info=&#8221;{}&#8221;][et_pb_text _builder_version=&#8221;4.9.10&#8243; _module_preset=&#8221;default&#8221; text_text_color=&#8221;#444444&#8243; text_line_height=&#8221;1.6em&#8221; custom_padding=&#8221;||0px|||&#8221; global_colors_info=&#8221;{}&#8221;]<\/p>\n<blockquote>\n<p>\u201cKalles Bygg renoverade v\u00e5rt hus fr\u00e5n golv till tak! Stort tack f\u00f6r ett proffsigt utf\u00f6rande och trevligt kundbem\u00f6tande!\u201d<span style=\"font-size: 16px;\">\u00a0<\/span><\/p>\n<p>&nbsp;<\/p>\n<p><strong>Kund Kundsson, VD<br \/><\/strong>F\u00f6retagnamnet<\/p>\n<\/blockquote>\n<p>[\/et_pb_text][\/et_pb_column][\/et_pb_row][\/et_pb_section]<\/p>\n","protected":false},"excerpt":{"rendered":"<p>V\u00e4lkommen till Kalles ByggAtt bygga och renovera ska vara enkelt. Kontakta oss s\u00e5 hj\u00e4lper vi dig. Ska du bygga och renovera? Vi utf\u00f6r nyproduktion och renoveringsuppdrag.Vi bygger efter era \u00f6nskem\u00e5l \u2013 fr\u00e5n start till m\u00e5l. H\u00f6r g\u00e4rna av dig till oss om du har fr\u00e5gor om vad vi kan hj\u00e4lpa dig med. Du n\u00e5r oss [&hellip;]<\/p>\n","protected":false},"author":2,"featured_media":0,"parent":0,"menu_order":0,"comment_status":"closed","ping_status":"closed","template":"","meta":{"_et_pb_use_builder":"on","_et_pb_old_content":"<!-- wp:paragraph -->\n<p>This is an example page. It's different from a blog post because it will stay in one place and will show up in your site navigation (in most themes). Most people start with an About page that introduces them to potential site visitors. It might say something like this:<\/p>\n<!-- \/wp:paragraph -->\n\n<!-- wp:quote -->\n<blockquote class=\"wp-block-quote\"><p>Hi there! I'm a bike messenger by day, aspiring actor by night, and this is my website. I live in Los Angeles, have a great dog named Jack, and I like pi&#241;a coladas. (And gettin' caught in the rain.)<\/p><\/blockquote>\n<!-- \/wp:quote -->\n\n<!-- wp:paragraph -->\n<p>...or something like this:<\/p>\n<!-- \/wp:paragraph -->\n\n<!-- wp:quote -->\n<blockquote class=\"wp-block-quote\"><p>The XYZ Doohickey Company was founded in 1971, and has been providing quality doohickeys to the public ever since. Located in Gotham City, XYZ employs over 2,000 people and does all kinds of awesome things for the Gotham community.<\/p><\/blockquote>\n<!-- \/wp:quote -->\n\n<!-- wp:paragraph -->\n<p>As a new WordPress user, you should go to <a href=\"https:\/\/beijer.hemsida.eu\/1\/wp-admin\/\">your dashboard<\/a> to delete this page and create new pages for your content. Have fun!<\/p>\n<!-- \/wp:paragraph -->","_et_gb_content_width":"","footnotes":""},"class_list":["post-286","page","type-page","status-publish","hentry"],"yoast_head":"<!-- This site is optimized with the Yoast SEO plugin v27.4 - https:\/\/yoast.com\/product\/yoast-seo-wordpress\/ -->\n<title>Hem - Beijer Mall 1<\/title>\n<meta name=\"robots\" content=\"noindex, follow, max-snippet:-1, max-image-preview:large, max-video-preview:-1\" \/>\n<meta property=\"og:locale\" content=\"sv_SE\" \/>\n<meta property=\"og:type\" content=\"article\" \/>\n<meta property=\"og:title\" content=\"Hem - Beijer Mall 1\" \/>\n<meta property=\"og:description\" content=\"V\u00e4lkommen till Kalles ByggAtt bygga och renovera ska vara enkelt. Kontakta oss s\u00e5 hj\u00e4lper vi dig. Ska du bygga och renovera? Vi utf\u00f6r nyproduktion och renoveringsuppdrag.Vi bygger efter era \u00f6nskem\u00e5l \u2013 fr\u00e5n start till m\u00e5l. H\u00f6r g\u00e4rna av dig till oss om du har fr\u00e5gor om vad vi kan hj\u00e4lpa dig med. Du n\u00e5r oss [&hellip;]\" \/>\n<meta property=\"og:url\" content=\"https:\/\/beijer.hemsida.eu\/1\/\" \/>\n<meta property=\"og:site_name\" content=\"Beijer Mall 1\" \/>\n<meta property=\"article:modified_time\" content=\"2021-08-18T09:05:37+00:00\" \/>\n<meta name=\"twitter:card\" content=\"summary_large_image\" \/>\n<meta name=\"twitter:label1\" content=\"Ber\u00e4knad l\u00e4stid\" \/>\n\t<meta name=\"twitter:data1\" content=\"5 minuter\" \/>\n<script type=\"application\/ld+json\" class=\"yoast-schema-graph\">{\"@context\":\"https:\\\/\\\/schema.org\",\"@graph\":[{\"@type\":\"WebPage\",\"@id\":\"https:\\\/\\\/beijer.hemsida.eu\\\/1\\\/\",\"url\":\"https:\\\/\\\/beijer.hemsida.eu\\\/1\\\/\",\"name\":\"Hem - Beijer Mall 1\",\"isPartOf\":{\"@id\":\"https:\\\/\\\/beijer.hemsida.eu\\\/1\\\/#website\"},\"datePublished\":\"2021-08-05T11:19:52+00:00\",\"dateModified\":\"2021-08-18T09:05:37+00:00\",\"breadcrumb\":{\"@id\":\"https:\\\/\\\/beijer.hemsida.eu\\\/1\\\/#breadcrumb\"},\"inLanguage\":\"sv-SE\",\"potentialAction\":[{\"@type\":\"ReadAction\",\"target\":[\"https:\\\/\\\/beijer.hemsida.eu\\\/1\\\/\"]}]},{\"@type\":\"BreadcrumbList\",\"@id\":\"https:\\\/\\\/beijer.hemsida.eu\\\/1\\\/#breadcrumb\",\"itemListElement\":[{\"@type\":\"ListItem\",\"position\":1,\"name\":\"Hem\",\"item\":\"https:\\\/\\\/beijer.hemsida.eu\\\/1\\\/\"},{\"@type\":\"ListItem\",\"position\":2,\"name\":\"Hem\"}]},{\"@type\":\"WebSite\",\"@id\":\"https:\\\/\\\/beijer.hemsida.eu\\\/1\\\/#website\",\"url\":\"https:\\\/\\\/beijer.hemsida.eu\\\/1\\\/\",\"name\":\"Beijer Mall 1\",\"description\":\"\",\"potentialAction\":[{\"@type\":\"SearchAction\",\"target\":{\"@type\":\"EntryPoint\",\"urlTemplate\":\"https:\\\/\\\/beijer.hemsida.eu\\\/1\\\/?s={search_term_string}\"},\"query-input\":{\"@type\":\"PropertyValueSpecification\",\"valueRequired\":true,\"valueName\":\"search_term_string\"}}],\"inLanguage\":\"sv-SE\"}]}<\/script>\n<!-- \/ Yoast SEO plugin. -->","yoast_head_json":{"title":"Hem - Beijer Mall 1","robots":{"index":"noindex","follow":"follow","max-snippet":"max-snippet:-1","max-image-preview":"max-image-preview:large","max-video-preview":"max-video-preview:-1"},"og_locale":"sv_SE","og_type":"article","og_title":"Hem - Beijer Mall 1","og_description":"V\u00e4lkommen till Kalles ByggAtt bygga och renovera ska vara enkelt. Kontakta oss s\u00e5 hj\u00e4lper vi dig. Ska du bygga och renovera? Vi utf\u00f6r nyproduktion och renoveringsuppdrag.Vi bygger efter era \u00f6nskem\u00e5l \u2013 fr\u00e5n start till m\u00e5l. H\u00f6r g\u00e4rna av dig till oss om du har fr\u00e5gor om vad vi kan hj\u00e4lpa dig med. Du n\u00e5r oss [&hellip;]","og_url":"https:\/\/beijer.hemsida.eu\/1\/","og_site_name":"Beijer Mall 1","article_modified_time":"2021-08-18T09:05:37+00:00","twitter_card":"summary_large_image","twitter_misc":{"Ber\u00e4knad l\u00e4stid":"5 minuter"},"schema":{"@context":"https:\/\/schema.org","@graph":[{"@type":"WebPage","@id":"https:\/\/beijer.hemsida.eu\/1\/","url":"https:\/\/beijer.hemsida.eu\/1\/","name":"Hem - Beijer Mall 1","isPartOf":{"@id":"https:\/\/beijer.hemsida.eu\/1\/#website"},"datePublished":"2021-08-05T11:19:52+00:00","dateModified":"2021-08-18T09:05:37+00:00","breadcrumb":{"@id":"https:\/\/beijer.hemsida.eu\/1\/#breadcrumb"},"inLanguage":"sv-SE","potentialAction":[{"@type":"ReadAction","target":["https:\/\/beijer.hemsida.eu\/1\/"]}]},{"@type":"BreadcrumbList","@id":"https:\/\/beijer.hemsida.eu\/1\/#breadcrumb","itemListElement":[{"@type":"ListItem","position":1,"name":"Hem","item":"https:\/\/beijer.hemsida.eu\/1\/"},{"@type":"ListItem","position":2,"name":"Hem"}]},{"@type":"WebSite","@id":"https:\/\/beijer.hemsida.eu\/1\/#website","url":"https:\/\/beijer.hemsida.eu\/1\/","name":"Beijer Mall 1","description":"","potentialAction":[{"@type":"SearchAction","target":{"@type":"EntryPoint","urlTemplate":"https:\/\/beijer.hemsida.eu\/1\/?s={search_term_string}"},"query-input":{"@type":"PropertyValueSpecification","valueRequired":true,"valueName":"search_term_string"}}],"inLanguage":"sv-SE"}]}},"_links":{"self":[{"href":"https:\/\/beijer.hemsida.eu\/1\/wp-json\/wp\/v2\/pages\/286","targetHints":{"allow":["GET"]}}],"collection":[{"href":"https:\/\/beijer.hemsida.eu\/1\/wp-json\/wp\/v2\/pages"}],"about":[{"href":"https:\/\/beijer.hemsida.eu\/1\/wp-json\/wp\/v2\/types\/page"}],"author":[{"embeddable":true,"href":"https:\/\/beijer.hemsida.eu\/1\/wp-json\/wp\/v2\/users\/2"}],"replies":[{"embeddable":true,"href":"https:\/\/beijer.hemsida.eu\/1\/wp-json\/wp\/v2\/comments?post=286"}],"version-history":[{"count":6,"href":"https:\/\/beijer.hemsida.eu\/1\/wp-json\/wp\/v2\/pages\/286\/revisions"}],"predecessor-version":[{"id":350,"href":"https:\/\/beijer.hemsida.eu\/1\/wp-json\/wp\/v2\/pages\/286\/revisions\/350"}],"wp:attachment":[{"href":"https:\/\/beijer.hemsida.eu\/1\/wp-json\/wp\/v2\/media?parent=286"}],"curies":[{"name":"wp","href":"https:\/\/api.w.org\/{rel}","templated":true}]}}